{"id":48,"date":"2018-07-25T21:45:16","date_gmt":"2018-07-26T03:45:16","guid":{"rendered":"http:\/\/megamanyou.com\/?page_id=48"},"modified":"2025-04-08T17:51:34","modified_gmt":"2025-04-08T23:51:34","slug":"megamanyou","status":"publish","type":"page","link":"https:\/\/www.megamanyou.com\/","title":{"rendered":"Megamanyou"},"content":{"rendered":"\n\n\t<iframe loading=\"lazy\" title=\"Intro Megamanyou diciembre 2021\" width=\"1110\" height=\"624\" src=\"https:\/\/www.youtube.com\/embed\/c-hVC8lP6PE?feature=oembed\" frameborder=\"0\" allow=\"accelerometer; autoplay; clipboard-write; encrypted-media; gyroscope; picture-in-picture\" allowfullscreen><\/iframe>\n\t<p>Bienvenido a Megamanyou, el portal que contiene material audiovisual de todo lo que te gusta. Ver\u00e1s deportes, videojuegos, lugares, reportajes, cr\u00f3nicas y muchas cosas m\u00e1s.<\/p>\n<p>interact\u00faa con nosotros.<\/p>\n\t\t\t\t<a href=\"http:\/\/www.megamanyou.com\/?page_id=159\" target=\"_self\" itemprop=\"url\" rel=\"noopener\">\n\t\t\t\t<img src=\"http:\/\/www.megamanyou.com\/wp-content\/uploads\/2019\/01\/SATELITES.png\" alt=\"SATELITES\" itemprop=\"image\" title=\"SATELITES\" onerror=\"this.style.display='none'\"  \/>\n\t\t\t\t<\/a>\n\t<p><strong>Sat\u00e9lites de comunicaciones<\/strong><\/p>\n\t\t\t\t<a href=\"http:\/\/www.megamanyou.com\/?page_id=167\" target=\"_self\" itemprop=\"url\" rel=\"noopener\">\n\t\t\t\t<img src=\"http:\/\/www.megamanyou.com\/wp-content\/uploads\/2019\/01\/CASCADAS-MAS-BELLAS.png\" alt=\"CASCADAS MAS BELLAS\" itemprop=\"image\" title=\"CASCADAS MAS BELLAS\" onerror=\"this.style.display='none'\"  \/>\n\t\t\t\t<\/a>\n\t<p>LAS MEJORES CASCADAS DEL MUNDO<\/p>\n\t\t\t\t<a href=\"http:\/\/www.megamanyou.com\/?page_id=175\" target=\"_self\" itemprop=\"url\" rel=\"noopener\">\n\t\t\t\t<img src=\"http:\/\/www.megamanyou.com\/wp-content\/uploads\/2019\/01\/CIUDADES-FRIAS.png\" alt=\"CIUDADES FRIAS\" itemprop=\"image\" title=\"CIUDADES FRIAS\" onerror=\"this.style.display='none'\"  \/>\n\t\t\t\t<\/a>\n\t<p>LAS CIUDADES M\u00c1S FR\u00cdAS DEL MUNDO<\/p>\n\t\t\t\t<a href=\"http:\/\/www.megamanyou.com\/?page_id=193&#038;preview_id=193&#038;preview_nonce=ffbc849ce1&#038;_thumbnail_id=-1&#038;preview=true\" target=\"_self\" itemprop=\"url\" rel=\"noopener\">\n\t\t\t\t<img src=\"http:\/\/www.megamanyou.com\/wp-content\/uploads\/2019\/04\/Captura-de-pantalla-2019-04-18-a-las-23.39.10.png\" alt=\"Captura de pantalla 2019-04-18 a la(s) 23.39.10\" itemprop=\"image\" title=\"Captura de pantalla 2019-04-18 a la(s) 23.39.10\" onerror=\"this.style.display='none'\"  \/>\n\t\t\t\t<\/a>\n\t<p>La cultura Otaku- (Especial)<\/p>\n\t<p>Nuestras secciones<\/p>\n\t\t\t\t<a href=\"http:\/\/www.megamanyou.com\/?page_id=5\" target=\"_self\" itemprop=\"url\" rel=\"noopener\">\n\t\t\t\t<img src=\"http:\/\/www.megamanyou.com\/wp-content\/uploads\/2019\/07\/ZonaFinal-logo-febrero.png\" alt=\"ZonaFinal logo febrero\" itemprop=\"image\" title=\"ZonaFinal logo febrero\" onerror=\"this.style.display='none'\"  \/>\n\t\t\t\t<\/a>\n\t\t\t\t<a href=\"http:\/\/www.megamanyou.com\/?page_id=7\" target=\"_self\" itemprop=\"url\" rel=\"noopener\">\n\t\t\t\t<img src=\"http:\/\/www.megamanyou.com\/wp-content\/uploads\/2020\/07\/viaje-a-la-aventura-logo-enero-2020.png\" alt=\"viaje a la aventura logo enero 2020\" itemprop=\"image\" title=\"viaje a la aventura logo enero 2020\" onerror=\"this.style.display='none'\"  \/>\n\t\t\t\t<\/a>\n\t\t\t\t<a href=\"http:\/\/www.megamanyou.com\/?page_id=9\" target=\"_self\" itemprop=\"url\" rel=\"noopener\">\n\t\t\t\t<img src=\"http:\/\/www.megamanyou.com\/wp-content\/uploads\/2020\/07\/nisomic-logo-mayo20.png\" alt=\"nisomic logo mayo20\" itemprop=\"image\" title=\"nisomic logo mayo20\" onerror=\"this.style.display='none'\"  \/>\n\t\t\t\t<\/a>\n\t<p>Misi\u00f3n<\/p>\n<p>Ser un medio de difusi\u00f3n relacionado con los mayores pasatiempos de nuestros seguidores, ya sea desde cine, series, deportes, videojuegos y cultura; con el fin de entretener a nuestra audiencia que busque satisfacer sus necesidades por medio de un contenido audiovisual<\/p>\n<p>&nbsp;<\/p>\n<p>&nbsp;<\/p>\n\t<p>Visi\u00f3n<\/p>\n<p>Ser una de las mayores empresas de habla hispana de contenido confiable y de excelencia para nuestra audiencia, cuyos contenidos entretenidos e informativos sean los m\u00e1s buscados y vistos, adem\u00e1s de tener una gran comunicaci\u00f3n de nuestros seguidores como para nuestros clientes.<\/p>\n<p>&nbsp;<\/p>\n<p>&nbsp;<\/p>\n\t<p>Valores<\/p>\n<p>Trabajo en Equipo<\/p>\n<p>Fuerza<\/p>\n<p>Honestidad<\/p>\n<p>Profesionalismo<\/p>\n<p>Confianza<\/p>\n<p>Compromiso<\/p>\n<p>&nbsp;<\/p>\n<p>&nbsp;<\/p>\n\t<p>Target<\/p>\n<p>Nuestro mercado son los j\u00f3venes de 13 a 21 a\u00f1os de edad y los adultos de 22 a 40 a\u00f1os de edad, de todos los estatus sociales (A,B y C) que sean seguidores de cine, anime, series, deportes, videojuegos o contenido cultural. Su localizaci\u00f3n geogr\u00e1fica es la republica mexicana y los pa\u00edses que se encuentran al centro y al sur, como es el caso de Colombia, Panam\u00e1, Honduras, Chile, Argentina, Bolivia, Per\u00fa y Brasil (este \u00faltimo con una excepci\u00f3n por el idioma portugu\u00e9s).<\/p>\n<p>&nbsp;<\/p>\n\t<p>&#8220;Megamanyou&#8221; est\u00e1 dividido en varias secciones:<\/p>\n<p>Zona Final: secci\u00f3n dedicada a los deportes. Hablamos sobre el f\u00fatbol nacional (M\u00e9xico), Internacional y a nivel selecciones. Tambi\u00e9n tocamos temas sobre otros deportes, as\u00ed como a los atletas mexicanos que est\u00e1n brillando en este momento y dando lo mejor para ser reconocidos en el pa\u00eds.<\/p>\n<p>&nbsp;<\/p>\n<p>&nbsp;<\/p>\n\t<p>Viajando a la aventura:\u00a0Ves la secci\u00f3n que muestra sobre los diversos paisajes para dar a conocer las historias de nuestro pa\u00eds.<\/p>\n<p>A los lugares que hemos visitado son:<\/p>\n<p>-Aquism\u00f3n<\/p>\n<p>-Los Reyes de Salgado<\/p>\n<p>-Perib\u00e1n<\/p>\n<p>-Tequila<\/p>\n<p>-Zamora<\/p>\n<p>-Real de Catorce<\/p>\n<p>-Ixtapa<\/p>\n<p>&nbsp;<\/p>\n<p>&nbsp;<\/p>\n\t<p>Nisomic: secci\u00f3n sobre los videojuegos que actualmente salen en las consolas de Nintendo, Microsoft y Sony; adem\u00e1s se muestra contenido sobre videojuegos retro, de consolas antiguas.<\/p>\n\t<p>M\u00e1s recientes:<\/p>\n\t<iframe loading=\"lazy\" title=\"Mejores villanos de Batman\" width=\"1110\" height=\"624\" src=\"https:\/\/www.youtube.com\/embed\/v3TG2te9OCg?feature=oembed\" frameborder=\"0\" allow=\"accelerometer; autoplay; clipboard-write; encrypted-media; gyroscope; picture-in-picture; web-share\" referrerpolicy=\"strict-origin-when-cross-origin\" allowfullscreen><\/iframe>\n\t<iframe loading=\"lazy\" title=\"Las pel\u00edculas mas taquilleras de la historia\" width=\"1110\" height=\"624\" src=\"https:\/\/www.youtube.com\/embed\/X_dXjq-25XQ?feature=oembed\" frameborder=\"0\" allow=\"accelerometer; autoplay; clipboard-write; encrypted-media; gyroscope; picture-in-picture; web-share\" referrerpolicy=\"strict-origin-when-cross-origin\" allowfullscreen><\/iframe>\n\t<p>Videos Destacados:<\/p>\n\t<iframe loading=\"lazy\" title=\"Series buenas que fueron canceladas\" width=\"1110\" height=\"624\" src=\"https:\/\/www.youtube.com\/embed\/PE1vMfU8-us?feature=oembed\" frameborder=\"0\" allow=\"accelerometer; autoplay; clipboard-write; encrypted-media; gyroscope; picture-in-picture; web-share\" referrerpolicy=\"strict-origin-when-cross-origin\" allowfullscreen><\/iframe>\n\t<iframe loading=\"lazy\" width=\"1110\" height=\"624\" src=\"https:\/\/www.youtube.com\/embed\/m9lQN3kvGXM?feature=oembed\" frameborder=\"0\" allow=\"accelerometer; autoplay; clipboard-write; encrypted-media; gyroscope; picture-in-picture\" allowfullscreen><\/iframe>\n\t<p>Sin duda alguna M\u00e9xico es un lugar asombroso, lleno de diferentes culturas y costumbres que te recomiendo debes conocer, para eso debes salir de tu casa y visitar todos los lugares que M\u00e9xico te llega a ofrecer.<\/p>\n\t<p>\u00bfSab\u00edas qu\u00e9?&#8230;<\/p>\n<p>Seg\u00fan cuenta la historia, el ponerse ropa interior amarilla est\u00e1 relacionado al color del sol, que representa la eternidad y la energ\u00eda vital de nuestro planeta. En algunas culturas el amarillo significa madurez del oto\u00f1o y para otros representa el oro, el metal m\u00e1s noble que ha sido el s\u00edmbolo de la riqueza<\/p>\n\t<p>Actualmente las nuevas herramientas tecnol\u00f3gicas como el Internet permiten al usuario acceder desde una sola plataformas a diversos contenidos como videos, redes sociales, juegos, pel\u00edculas y series en l\u00ednea para satisfacer sus necesidades<\/p>\n\t<p>Suscriptores actuales: 2300 (15 de abril de 2022)<\/p>\n\n","protected":false},"excerpt":{"rendered":"<p>Bienvenido a Megamanyou, el portal que contiene material audiovisual de todo lo que te gusta. Ver\u00e1s deportes, videojuegos, lugares, reportajes, cr\u00f3nicas y muchas cosas m\u00e1s. interact\u00faa con nosotros. Sat\u00e9lites de&hellip; <\/p>\n","protected":false},"author":1,"featured_media":0,"parent":0,"menu_order":0,"comment_status":"closed","ping_status":"closed","template":"","meta":[],"_links":{"self":[{"href":"https:\/\/www.megamanyou.com\/index.php?rest_route=\/wp\/v2\/pages\/48"}],"collection":[{"href":"https:\/\/www.megamanyou.com\/index.php?rest_route=\/wp\/v2\/pages"}],"about":[{"href":"https:\/\/www.megamanyou.com\/index.php?rest_route=\/wp\/v2\/types\/page"}],"author":[{"embeddable":true,"href":"https:\/\/www.megamanyou.com\/index.php?rest_route=\/wp\/v2\/users\/1"}],"replies":[{"embeddable":true,"href":"https:\/\/www.megamanyou.com\/index.php?rest_route=%2Fwp%2Fv2%2Fcomments&post=48"}],"version-history":[{"count":57,"href":"https:\/\/www.megamanyou.com\/index.php?rest_route=\/wp\/v2\/pages\/48\/revisions"}],"predecessor-version":[{"id":454,"href":"https:\/\/www.megamanyou.com\/index.php?rest_route=\/wp\/v2\/pages\/48\/revisions\/454"}],"wp:attachment":[{"href":"https:\/\/www.megamanyou.com\/index.php?rest_route=%2Fwp%2Fv2%2Fmedia&parent=48"}],"curies":[{"name":"wp","href":"https:\/\/api.w.org\/{rel}","templated":true}]}}